{"id":1869,"date":"2024-04-02T17:38:00","date_gmt":"2024-04-02T14:38:00","guid":{"rendered":"https:\/\/herapremiumyapi.com\/?page_id=1869"},"modified":"2025-12-29T17:27:35","modified_gmt":"2025-12-29T14:27:35","slug":"hakkimizda","status":"publish","type":"page","link":"https:\/\/herapremiumyapi.com\/?page_id=1869","title":{"rendered":"Hakk\u0131m\u0131zda"},"content":{"rendered":"\t\t<div data-elementor-type=\"wp-page\" data-elementor-id=\"1869\" class=\"elementor elementor-1869\">\n\t\t\t\t\t\t<section class=\"elementor-section elementor-top-section elementor-element elementor-element-400742f2 elementor-section-full_width elementor-section-stretched elementor-section-height-default elementor-section-height-default\" data-id=\"400742f2\" data-element_type=\"section\" data-e-type=\"section\" data-settings=\"{&quot;stretch_section&quot;:&quot;section-stretched&quot;}\">\n\t\t\t\t\t\t<div class=\"elementor-container elementor-column-gap-no\">\n\t\t\t\t\t<div class=\"elementor-column elementor-col-100 elementor-top-column elementor-element elementor-element-5d063d7f\" data-id=\"5d063d7f\" data-element_type=\"column\" data-e-type=\"column\">\n\t\t\t<div class=\"elementor-widget-wrap\">\n\t\t\t\t\t\t\t<\/div>\n\t\t<\/div>\n\t\t\t\t\t<\/div>\n\t\t<\/section>\n\t\t<div class=\"elementor-element elementor-element-e8b6fc4 e-flex e-con-boxed e-con e-parent\" data-id=\"e8b6fc4\" data-element_type=\"container\" data-e-type=\"container\">\n\t\t\t\t\t<div class=\"e-con-inner\">\n\t\t\t\t<div class=\"elementor-element elementor-element-8a3daaa elementor-widget elementor-widget-spacer\" data-id=\"8a3daaa\" data-element_type=\"widget\" data-e-type=\"widget\" data-widget_type=\"spacer.default\">\n\t\t\t\t<div class=\"elementor-widget-container\">\n\t\t\t\t\t\t\t<div class=\"elementor-spacer\">\n\t\t\t<div class=\"elementor-spacer-inner\"><\/div>\n\t\t<\/div>\n\t\t\t\t\t\t<\/div>\n\t\t\t\t<\/div>\n\t\t\t\t\t<\/div>\n\t\t\t\t<\/div>\n\t\t\t\t<section class=\"elementor-section elementor-top-section elementor-element elementor-element-25b2df1a elementor-section-full_width elementor-section-stretched elementor-section-height-default elementor-section-height-default\" data-id=\"25b2df1a\" data-element_type=\"section\" data-e-type=\"section\" data-settings=\"{&quot;stretch_section&quot;:&quot;section-stretched&quot;}\">\n\t\t\t\t\t\t<div class=\"elementor-container elementor-column-gap-no\">\n\t\t\t\t\t<div class=\"elementor-column elementor-col-100 elementor-top-column elementor-element elementor-element-25bbb47d\" data-id=\"25bbb47d\" data-element_type=\"column\" data-e-type=\"column\">\n\t\t\t<div class=\"elementor-widget-wrap elementor-element-populated\">\n\t\t\t\t\t\t<div class=\"elementor-element elementor-element-60111044 elementor-widget elementor-widget-sina_banner_slider\" data-id=\"60111044\" data-element_type=\"widget\" data-e-type=\"widget\" data-widget_type=\"sina_banner_slider.default\">\n\t\t\t\t<div class=\"elementor-widget-container\">\n\t\t\t\t\t\t\t<div class=\"sina-banner-slider owl-carousel\"\r\n\t\tdata-autoplay=\"yes\"\r\n\t\tdata-pause=\"yes\"\r\n\t\tdata-nav=\"yes\"\r\n\t\tdata-dots=\"yes\"\r\n\t\tdata-mouse-drag=\"yes\"\r\n\t\tdata-touch-drag=\"yes\"\r\n\t\tdata-loop=\"yes\"\r\n\t\tdata-speed=\"\"\r\n\t\tdata-part-anim=\"yes\"\r\n\t\tdata-delay=\"5000\">\r\n\r\n\t\t\t\t\t\t\t<div class=\"sina-slider-content sina-bg-cover\" style=\"background-image: url(https:\/\/herapremiumyapi.com\/wp-content\/uploads\/2025\/11\/woman-holding-blueprint-looking-away-scaled.jpg);\">\r\n\t\t\t\t\t\t\t\t\t\t\t<div class=\"sina-overlay\"><\/div>\r\n\t\t\t\t\t\r\n\t\t\t\t\t<div class=\"sina-banner-container elementor-repeater-item-dc4fb86\">\r\n\r\n\t\t\t\t\t\t\t\t\t\t\t\t\t\t\t\t\t\t\t\t<h1 class=\"sina-banner-title sina-anim-invisible\" data-animation=\"animated zoomIn\">B\u0130Z K\u0130M\u0130Z ?<\/h1>\t\t\t\t\t\t\r\n\t\t\t\t\t\t\r\n\t\t\t\t\t\t\r\n\t\t\t\t\t\t\t\t\t\t\t\t\t<div class=\"sina-banner-btns sina-anim-invisible\" data-animation=\"animated fadeInUp\">\r\n\t\t\t\t\t\t\t\t\t\t\t\t\t\t\t\t\t<a class=\"sina-banner-pbtn   \"\r\n\t\t\t\t\t\t\t\t\t\t\t\t\t\t\t\t\t\thref=\"https:\/\/herapremiumyapi.com\/#contac\"\r\n\t\t\t\t\t\t\t\t\t\t\t\t\t\t\t\t\t\t>\r\n\t\t\t\t\t\t\t\t\t\t\t\tDaha Fazla Bilgi\t\t\t\t\t\t\t\t\t\t\t<\/a>\r\n\t\t\t\t\t\t\t\t\r\n\t\t\t\t\t\t\t\t\t\t\t\t\t\t\t<\/div>\r\n\t\t\t\t\t\t\t\t\t\t\t<\/div>\r\n\t\t\t\t<\/div>\r\n\t\t\t\t\t<\/div><!-- .sina-banner-slider -->\r\n\t\t\t\t\t\t<\/div>\n\t\t\t\t<\/div>\n\t\t\t\t\t<\/div>\n\t\t<\/div>\n\t\t\t\t\t<\/div>\n\t\t<\/section>\n\t\t<div class=\"elementor-element elementor-element-005c547 e-con-full e-flex e-con e-parent\" data-id=\"005c547\" data-element_type=\"container\" data-e-type=\"container\">\n\t\t<div class=\"elementor-element elementor-element-db4b283 e-con-full e-flex e-con e-child\" data-id=\"db4b283\" data-element_type=\"container\" data-e-type=\"container\">\n\t\t\t\t<div class=\"elementor-element elementor-element-0ebbe1a elementor-widget elementor-widget-heading\" data-id=\"0ebbe1a\" data-element_type=\"widget\" data-e-type=\"widget\" data-widget_type=\"heading.default\">\n\t\t\t\t<div class=\"elementor-widget-container\">\n\t\t\t\t\t<h4 class=\"elementor-heading-title elementor-size-default\">Hakk\u0131m\u0131zda<\/h4>\t\t\t\t<\/div>\n\t\t\t\t<\/div>\n\t\t\t\t<div class=\"elementor-element elementor-element-665c309 elementor-widget elementor-widget-text-editor\" data-id=\"665c309\" data-element_type=\"widget\" data-e-type=\"widget\" data-widget_type=\"text-editor.default\">\n\t\t\t\t<div class=\"elementor-widget-container\">\n\t\t\t\t\t\t\t\t\t<p>Hera Premium Yap\u0131, modern mimari anlay\u0131\u015f\u0131n\u0131 estetik, konfor ve dayan\u0131kl\u0131l\u0131kla bulu\u015fturarak yap\u0131 sekt\u00f6r\u00fcnde fark yaratan bir markad\u0131r.<\/p><p>Her projede y\u00fcksek kalite standartlar\u0131n\u0131 ilke edinir, detaylarda m\u00fckemmelli\u011fi hedefler ve m\u00fc\u015fterilerine uzun \u00f6m\u00fcrl\u00fc, zarif ya\u015fam alanlar\u0131 sunar. G\u00fcven, \u015feffafl\u0131k ve profesyonellik temelleri \u00fczerine in\u015fa edilen hizmet anlay\u0131\u015f\u0131yla sekt\u00f6rde kal\u0131c\u0131 de\u011ferler \u00fcretmeyi ama\u00e7lar.<\/p>\t\t\t\t\t\t\t\t<\/div>\n\t\t\t\t<\/div>\n\t\t\t\t<\/div>\n\t\t<div class=\"elementor-element elementor-element-e8ae2a6 e-con-full e-flex e-con e-child\" data-id=\"e8ae2a6\" data-element_type=\"container\" data-e-type=\"container\">\n\t\t\t\t<div class=\"elementor-element elementor-element-c42c80f elementor-widget elementor-widget-image\" data-id=\"c42c80f\" data-element_type=\"widget\" data-e-type=\"widget\" data-widget_type=\"image.default\">\n\t\t\t\t<div class=\"elementor-widget-container\">\n\t\t\t\t\t\t\t\t\t\t\t\t\t\t\t<img fetchpriority=\"high\" decoding=\"async\" width=\"1024\" height=\"683\" src=\"https:\/\/herapremiumyapi.com\/wp-content\/uploads\/2025\/11\/6-1-1024x683.jpg\" class=\"attachment-large size-large wp-image-10182\" alt=\"\" srcset=\"https:\/\/herapremiumyapi.com\/wp-content\/uploads\/2025\/11\/6-1-1024x683.jpg 1024w, https:\/\/herapremiumyapi.com\/wp-content\/uploads\/2025\/11\/6-1-300x200.jpg 300w, https:\/\/herapremiumyapi.com\/wp-content\/uploads\/2025\/11\/6-1-768x512.jpg 768w, https:\/\/herapremiumyapi.com\/wp-content\/uploads\/2025\/11\/6-1-1536x1024.jpg 1536w, https:\/\/herapremiumyapi.com\/wp-content\/uploads\/2025\/11\/6-1-2048x1365.jpg 2048w, https:\/\/herapremiumyapi.com\/wp-content\/uploads\/2025\/11\/6-1-600x400.jpg 600w\" sizes=\"(max-width: 1024px) 100vw, 1024px\" \/>\t\t\t\t\t\t\t\t\t\t\t\t\t\t\t<\/div>\n\t\t\t\t<\/div>\n\t\t\t\t<\/div>\n\t\t\t\t<\/div>\n\t\t<div class=\"elementor-element elementor-element-88449bf e-con-full e-flex e-con e-parent\" data-id=\"88449bf\" data-element_type=\"container\" data-e-type=\"container\">\n\t\t<div class=\"elementor-element elementor-element-817055c e-con-full e-flex e-con e-child\" data-id=\"817055c\" data-element_type=\"container\" data-e-type=\"container\">\n\t\t\t\t<div class=\"elementor-element elementor-element-bc93533 elementor-widget elementor-widget-image\" data-id=\"bc93533\" data-element_type=\"widget\" data-e-type=\"widget\" data-widget_type=\"image.default\">\n\t\t\t\t<div class=\"elementor-widget-container\">\n\t\t\t\t\t\t\t\t\t\t\t\t\t\t\t<img decoding=\"async\" width=\"1024\" height=\"683\" src=\"https:\/\/herapremiumyapi.com\/wp-content\/uploads\/2025\/11\/5-1-1024x683.jpg\" class=\"attachment-large size-large wp-image-10181\" alt=\"\" srcset=\"https:\/\/herapremiumyapi.com\/wp-content\/uploads\/2025\/11\/5-1-1024x683.jpg 1024w, https:\/\/herapremiumyapi.com\/wp-content\/uploads\/2025\/11\/5-1-300x200.jpg 300w, https:\/\/herapremiumyapi.com\/wp-content\/uploads\/2025\/11\/5-1-768x512.jpg 768w, https:\/\/herapremiumyapi.com\/wp-content\/uploads\/2025\/11\/5-1-1536x1024.jpg 1536w, https:\/\/herapremiumyapi.com\/wp-content\/uploads\/2025\/11\/5-1-2048x1365.jpg 2048w, https:\/\/herapremiumyapi.com\/wp-content\/uploads\/2025\/11\/5-1-600x400.jpg 600w\" sizes=\"(max-width: 1024px) 100vw, 1024px\" \/>\t\t\t\t\t\t\t\t\t\t\t\t\t\t\t<\/div>\n\t\t\t\t<\/div>\n\t\t\t\t<\/div>\n\t\t<div class=\"elementor-element elementor-element-ff99b0f e-con-full e-flex e-con e-child\" data-id=\"ff99b0f\" data-element_type=\"container\" data-e-type=\"container\">\n\t\t\t\t<div class=\"elementor-element elementor-element-5eed82a elementor-widget elementor-widget-heading\" data-id=\"5eed82a\" data-element_type=\"widget\" data-e-type=\"widget\" data-widget_type=\"heading.default\">\n\t\t\t\t<div class=\"elementor-widget-container\">\n\t\t\t\t\t<h4 class=\"elementor-heading-title elementor-size-default\">V\u0130ZYONUMUZ<\/h4>\t\t\t\t<\/div>\n\t\t\t\t<\/div>\n\t\t\t\t<div class=\"elementor-element elementor-element-da01cc0 elementor-widget elementor-widget-text-editor\" data-id=\"da01cc0\" data-element_type=\"widget\" data-e-type=\"widget\" data-widget_type=\"text-editor.default\">\n\t\t\t\t<div class=\"elementor-widget-container\">\n\t\t\t\t\t\t\t\t\t<p>Yap\u0131 sekt\u00f6r\u00fcnde yenilik\u00e7i bak\u0131\u015f a\u00e7\u0131s\u0131, estetik anlay\u0131\u015f\u0131 ve kalite odakl\u0131 hizmetiyle fark yaratarak, g\u00fcvenin ve prestijin simgesi bir marka olmak.<\/p><p>Teknolojiyi, tasar\u0131m\u0131 ve m\u00fchendisli\u011fi bir araya getirerek, gelece\u011fin mimarisine y\u00f6n veren, \u00e7evreye duyarl\u0131 ve s\u00fcrd\u00fcr\u00fclebilir projeler geli\u015ftiren \u00f6nc\u00fc bir yap\u0131 firmas\u0131 haline gelmektir.<\/p>\t\t\t\t\t\t\t\t<\/div>\n\t\t\t\t<\/div>\n\t\t\t\t<\/div>\n\t\t\t\t<\/div>\n\t\t<div class=\"elementor-element elementor-element-38a843f e-con-full e-flex e-con e-parent\" data-id=\"38a843f\" data-element_type=\"container\" data-e-type=\"container\">\n\t\t<div class=\"elementor-element elementor-element-44bbe5e e-con-full e-flex e-con e-child\" data-id=\"44bbe5e\" data-element_type=\"container\" data-e-type=\"container\">\n\t\t\t\t<div class=\"elementor-element elementor-element-cbeed16 elementor-widget elementor-widget-heading\" data-id=\"cbeed16\" data-element_type=\"widget\" data-e-type=\"widget\" data-widget_type=\"heading.default\">\n\t\t\t\t<div class=\"elementor-widget-container\">\n\t\t\t\t\t<h4 class=\"elementor-heading-title elementor-size-default\">M\u0130SYONUMUZ<\/h4>\t\t\t\t<\/div>\n\t\t\t\t<\/div>\n\t\t\t\t<div class=\"elementor-element elementor-element-2d6e4d4 elementor-widget elementor-widget-text-editor\" data-id=\"2d6e4d4\" data-element_type=\"widget\" data-e-type=\"widget\" data-widget_type=\"text-editor.default\">\n\t\t\t\t<div class=\"elementor-widget-container\">\n\t\t\t\t\t\t\t\t\t<p data-start=\"921\" data-end=\"1292\">M\u00fc\u015fterilerimizin beklentilerini en \u00fcst d\u00fczeyde kar\u015f\u0131layacak projeler geli\u015ftirirken; modern teknolojiyi, y\u00fcksek kaliteli malzemeyi ve titiz i\u015f\u00e7ili\u011fi bir araya getirmek.<\/p><p data-start=\"921\" data-end=\"1292\">Her yap\u0131da konfor, g\u00fcven ve esteti\u011fi harmanlayarak ya\u015fam alanlar\u0131n\u0131 sadece binalar de\u011fil, kal\u0131c\u0131 bir ya\u015fam deneyimine d\u00f6n\u00fc\u015ft\u00fcrmek; yap\u0131 sekt\u00f6r\u00fcnde kaliteyi bir \u00fcst seviyeye ta\u015f\u0131makt\u0131r.<\/p>\t\t\t\t\t\t\t\t<\/div>\n\t\t\t\t<\/div>\n\t\t\t\t<\/div>\n\t\t<div class=\"elementor-element elementor-element-0ba489d e-con-full e-flex e-con e-child\" data-id=\"0ba489d\" data-element_type=\"container\" data-e-type=\"container\">\n\t\t\t\t<div class=\"elementor-element elementor-element-0781604 elementor-widget elementor-widget-image\" data-id=\"0781604\" data-element_type=\"widget\" data-e-type=\"widget\" data-widget_type=\"image.default\">\n\t\t\t\t<div class=\"elementor-widget-container\">\n\t\t\t\t\t\t\t\t\t\t\t\t\t\t\t<img fetchpriority=\"high\" decoding=\"async\" width=\"1024\" height=\"683\" src=\"https:\/\/herapremiumyapi.com\/wp-content\/uploads\/2025\/11\/6-1-1024x683.jpg\" class=\"attachment-large size-large wp-image-10182\" alt=\"\" srcset=\"https:\/\/herapremiumyapi.com\/wp-content\/uploads\/2025\/11\/6-1-1024x683.jpg 1024w, https:\/\/herapremiumyapi.com\/wp-content\/uploads\/2025\/11\/6-1-300x200.jpg 300w, https:\/\/herapremiumyapi.com\/wp-content\/uploads\/2025\/11\/6-1-768x512.jpg 768w, https:\/\/herapremiumyapi.com\/wp-content\/uploads\/2025\/11\/6-1-1536x1024.jpg 1536w, https:\/\/herapremiumyapi.com\/wp-content\/uploads\/2025\/11\/6-1-2048x1365.jpg 2048w, https:\/\/herapremiumyapi.com\/wp-content\/uploads\/2025\/11\/6-1-600x400.jpg 600w\" sizes=\"(max-width: 1024px) 100vw, 1024px\" \/>\t\t\t\t\t\t\t\t\t\t\t\t\t\t\t<\/div>\n\t\t\t\t<\/div>\n\t\t\t\t<\/div>\n\t\t\t\t<\/div>\n\t\t\t\t<\/div>\n\t\t","protected":false},"excerpt":{"rendered":"<p>B\u0130Z K\u0130M\u0130Z ? Daha Fazla Bilgi Hakk\u0131m\u0131zda Hera Premium Yap\u0131, modern mimari anlay\u0131\u015f\u0131n\u0131 estetik, konfor ve dayan\u0131kl\u0131l\u0131kla bulu\u015fturarak yap\u0131 sekt\u00f6r\u00fcnde fark yaratan bir markad\u0131r. Her projede y\u00fcksek kalite standartlar\u0131n\u0131 ilke edinir, detaylarda m\u00fckemmelli\u011fi hedefler ve m\u00fc\u015fterilerine uzun \u00f6m\u00fcrl\u00fc, zarif ya\u015fam alanlar\u0131 sunar. G\u00fcven, \u015feffafl\u0131k ve profesyonellik temelleri \u00fczerine in\u015fa edilen hizmet anlay\u0131\u015f\u0131yla sekt\u00f6rde kal\u0131c\u0131 de\u011ferler&#8230;<\/p>\n","protected":false},"author":1,"featured_media":0,"parent":0,"menu_order":0,"comment_status":"closed","ping_status":"open","template":"","meta":{"_kadence_starter_templates_imported_post":false,"_kad_post_transparent":"","_kad_post_title":"hide","_kad_post_layout":"fullwidth","_kad_post_sidebar_id":"","_kad_post_content_style":"unboxed","_kad_post_vertical_padding":"hide","_kad_post_feature":"hide","_kad_post_feature_position":"","_kad_post_header":false,"_kad_post_footer":false,"_kad_post_classname":"","footnotes":""},"class_list":["post-1869","page","type-page","status-publish","hentry"],"aioseo_notices":[],"yoast_head":"<!-- This site is optimized with the Yoast SEO plugin v27.4 - https:\/\/yoast.com\/product\/yoast-seo-wordpress\/ -->\n<title>Hakk\u0131m\u0131zda - Hera Premium Yap\u0131<\/title>\n<meta name=\"robots\" content=\"index, follow, max-snippet:-1, max-image-preview:large, max-video-preview:-1\" \/>\n<link rel=\"canonical\" href=\"https:\/\/herapremiumyapi.com\/?page_id=1869\" \/>\n<meta property=\"og:locale\" content=\"en_US\" \/>\n<meta property=\"og:type\" content=\"article\" \/>\n<meta property=\"og:title\" content=\"Hakk\u0131m\u0131zda - Hera Premium Yap\u0131\" \/>\n<meta property=\"og:description\" content=\"B\u0130Z K\u0130M\u0130Z ? Daha Fazla Bilgi Hakk\u0131m\u0131zda Hera Premium Yap\u0131, modern mimari anlay\u0131\u015f\u0131n\u0131 estetik, konfor ve dayan\u0131kl\u0131l\u0131kla bulu\u015fturarak yap\u0131 sekt\u00f6r\u00fcnde fark yaratan bir markad\u0131r. Her projede y\u00fcksek kalite standartlar\u0131n\u0131 ilke edinir, detaylarda m\u00fckemmelli\u011fi hedefler ve m\u00fc\u015fterilerine uzun \u00f6m\u00fcrl\u00fc, zarif ya\u015fam alanlar\u0131 sunar. G\u00fcven, \u015feffafl\u0131k ve profesyonellik temelleri \u00fczerine in\u015fa edilen hizmet anlay\u0131\u015f\u0131yla sekt\u00f6rde kal\u0131c\u0131 de\u011ferler...\" \/>\n<meta property=\"og:url\" content=\"https:\/\/herapremiumyapi.com\/?page_id=1869\" \/>\n<meta property=\"og:site_name\" content=\"Hera Premium Yap\u0131\" \/>\n<meta property=\"article:modified_time\" content=\"2025-12-29T14:27:35+00:00\" \/>\n<meta property=\"og:image\" content=\"https:\/\/herapremiumyapi.com\/wp-content\/uploads\/2025\/11\/6-1-scaled.jpg\" \/>\n\t<meta property=\"og:image:width\" content=\"2560\" \/>\n\t<meta property=\"og:image:height\" content=\"1707\" \/>\n\t<meta property=\"og:image:type\" content=\"image\/jpeg\" \/>\n<meta name=\"twitter:card\" content=\"summary_large_image\" \/>\n<meta name=\"twitter:label1\" content=\"Est. reading time\" \/>\n\t<meta name=\"twitter:data1\" content=\"2 minutes\" \/>\n<script type=\"application\/ld+json\" class=\"yoast-schema-graph\">{\"@context\":\"https:\\\/\\\/schema.org\",\"@graph\":[{\"@type\":\"WebPage\",\"@id\":\"https:\\\/\\\/herapremiumyapi.com\\\/?page_id=1869\",\"url\":\"https:\\\/\\\/herapremiumyapi.com\\\/?page_id=1869\",\"name\":\"Hakk\u0131m\u0131zda - Hera Premium Yap\u0131\",\"isPartOf\":{\"@id\":\"https:\\\/\\\/herapremiumyapi.com\\\/#website\"},\"primaryImageOfPage\":{\"@id\":\"https:\\\/\\\/herapremiumyapi.com\\\/?page_id=1869#primaryimage\"},\"image\":{\"@id\":\"https:\\\/\\\/herapremiumyapi.com\\\/?page_id=1869#primaryimage\"},\"thumbnailUrl\":\"https:\\\/\\\/herapremiumyapi.com\\\/wp-content\\\/uploads\\\/2025\\\/11\\\/6-1-1024x683.jpg\",\"datePublished\":\"2024-04-02T14:38:00+00:00\",\"dateModified\":\"2025-12-29T14:27:35+00:00\",\"breadcrumb\":{\"@id\":\"https:\\\/\\\/herapremiumyapi.com\\\/?page_id=1869#breadcrumb\"},\"inLanguage\":\"en-US\",\"potentialAction\":[{\"@type\":\"ReadAction\",\"target\":[\"https:\\\/\\\/herapremiumyapi.com\\\/?page_id=1869\"]}]},{\"@type\":\"ImageObject\",\"inLanguage\":\"en-US\",\"@id\":\"https:\\\/\\\/herapremiumyapi.com\\\/?page_id=1869#primaryimage\",\"url\":\"https:\\\/\\\/herapremiumyapi.com\\\/wp-content\\\/uploads\\\/2025\\\/11\\\/6-1-scaled.jpg\",\"contentUrl\":\"https:\\\/\\\/herapremiumyapi.com\\\/wp-content\\\/uploads\\\/2025\\\/11\\\/6-1-scaled.jpg\",\"width\":2560,\"height\":1707},{\"@type\":\"BreadcrumbList\",\"@id\":\"https:\\\/\\\/herapremiumyapi.com\\\/?page_id=1869#breadcrumb\",\"itemListElement\":[{\"@type\":\"ListItem\",\"position\":1,\"name\":\"Home\",\"item\":\"https:\\\/\\\/herapremiumyapi.com\\\/\"},{\"@type\":\"ListItem\",\"position\":2,\"name\":\"Hakk\u0131m\u0131zda\"}]},{\"@type\":\"WebSite\",\"@id\":\"https:\\\/\\\/herapremiumyapi.com\\\/#website\",\"url\":\"https:\\\/\\\/herapremiumyapi.com\\\/\",\"name\":\"Duka Savunma\",\"description\":\"Ho\u015fgeldiniz\",\"publisher\":{\"@id\":\"https:\\\/\\\/herapremiumyapi.com\\\/#organization\"},\"potentialAction\":[{\"@type\":\"SearchAction\",\"target\":{\"@type\":\"EntryPoint\",\"urlTemplate\":\"https:\\\/\\\/herapremiumyapi.com\\\/?s={search_term_string}\"},\"query-input\":{\"@type\":\"PropertyValueSpecification\",\"valueRequired\":true,\"valueName\":\"search_term_string\"}}],\"inLanguage\":\"en-US\"},{\"@type\":\"Organization\",\"@id\":\"https:\\\/\\\/herapremiumyapi.com\\\/#organization\",\"name\":\"Duka Savunma\",\"url\":\"https:\\\/\\\/herapremiumyapi.com\\\/\",\"logo\":{\"@type\":\"ImageObject\",\"inLanguage\":\"en-US\",\"@id\":\"https:\\\/\\\/herapremiumyapi.com\\\/#\\\/schema\\\/logo\\\/image\\\/\",\"url\":\"https:\\\/\\\/herapremiumyapi.com\\\/wp-content\\\/uploads\\\/2024\\\/04\\\/cropped-Isimsiz-3.png\",\"contentUrl\":\"https:\\\/\\\/herapremiumyapi.com\\\/wp-content\\\/uploads\\\/2024\\\/04\\\/cropped-Isimsiz-3.png\",\"width\":512,\"height\":512,\"caption\":\"Duka Savunma\"},\"image\":{\"@id\":\"https:\\\/\\\/herapremiumyapi.com\\\/#\\\/schema\\\/logo\\\/image\\\/\"}}]}<\/script>\n<!-- \/ Yoast SEO plugin. -->","yoast_head_json":{"title":"Hakk\u0131m\u0131zda - Hera Premium Yap\u0131","robots":{"index":"index","follow":"follow","max-snippet":"max-snippet:-1","max-image-preview":"max-image-preview:large","max-video-preview":"max-video-preview:-1"},"canonical":"https:\/\/herapremiumyapi.com\/?page_id=1869","og_locale":"en_US","og_type":"article","og_title":"Hakk\u0131m\u0131zda - Hera Premium Yap\u0131","og_description":"B\u0130Z K\u0130M\u0130Z ? Daha Fazla Bilgi Hakk\u0131m\u0131zda Hera Premium Yap\u0131, modern mimari anlay\u0131\u015f\u0131n\u0131 estetik, konfor ve dayan\u0131kl\u0131l\u0131kla bulu\u015fturarak yap\u0131 sekt\u00f6r\u00fcnde fark yaratan bir markad\u0131r. Her projede y\u00fcksek kalite standartlar\u0131n\u0131 ilke edinir, detaylarda m\u00fckemmelli\u011fi hedefler ve m\u00fc\u015fterilerine uzun \u00f6m\u00fcrl\u00fc, zarif ya\u015fam alanlar\u0131 sunar. G\u00fcven, \u015feffafl\u0131k ve profesyonellik temelleri \u00fczerine in\u015fa edilen hizmet anlay\u0131\u015f\u0131yla sekt\u00f6rde kal\u0131c\u0131 de\u011ferler...","og_url":"https:\/\/herapremiumyapi.com\/?page_id=1869","og_site_name":"Hera Premium Yap\u0131","article_modified_time":"2025-12-29T14:27:35+00:00","og_image":[{"width":2560,"height":1707,"url":"https:\/\/herapremiumyapi.com\/wp-content\/uploads\/2025\/11\/6-1-scaled.jpg","type":"image\/jpeg"}],"twitter_card":"summary_large_image","twitter_misc":{"Est. reading time":"2 minutes"},"schema":{"@context":"https:\/\/schema.org","@graph":[{"@type":"WebPage","@id":"https:\/\/herapremiumyapi.com\/?page_id=1869","url":"https:\/\/herapremiumyapi.com\/?page_id=1869","name":"Hakk\u0131m\u0131zda - Hera Premium Yap\u0131","isPartOf":{"@id":"https:\/\/herapremiumyapi.com\/#website"},"primaryImageOfPage":{"@id":"https:\/\/herapremiumyapi.com\/?page_id=1869#primaryimage"},"image":{"@id":"https:\/\/herapremiumyapi.com\/?page_id=1869#primaryimage"},"thumbnailUrl":"https:\/\/herapremiumyapi.com\/wp-content\/uploads\/2025\/11\/6-1-1024x683.jpg","datePublished":"2024-04-02T14:38:00+00:00","dateModified":"2025-12-29T14:27:35+00:00","breadcrumb":{"@id":"https:\/\/herapremiumyapi.com\/?page_id=1869#breadcrumb"},"inLanguage":"en-US","potentialAction":[{"@type":"ReadAction","target":["https:\/\/herapremiumyapi.com\/?page_id=1869"]}]},{"@type":"ImageObject","inLanguage":"en-US","@id":"https:\/\/herapremiumyapi.com\/?page_id=1869#primaryimage","url":"https:\/\/herapremiumyapi.com\/wp-content\/uploads\/2025\/11\/6-1-scaled.jpg","contentUrl":"https:\/\/herapremiumyapi.com\/wp-content\/uploads\/2025\/11\/6-1-scaled.jpg","width":2560,"height":1707},{"@type":"BreadcrumbList","@id":"https:\/\/herapremiumyapi.com\/?page_id=1869#breadcrumb","itemListElement":[{"@type":"ListItem","position":1,"name":"Home","item":"https:\/\/herapremiumyapi.com\/"},{"@type":"ListItem","position":2,"name":"Hakk\u0131m\u0131zda"}]},{"@type":"WebSite","@id":"https:\/\/herapremiumyapi.com\/#website","url":"https:\/\/herapremiumyapi.com\/","name":"Duka Savunma","description":"Ho\u015fgeldiniz","publisher":{"@id":"https:\/\/herapremiumyapi.com\/#organization"},"potentialAction":[{"@type":"SearchAction","target":{"@type":"EntryPoint","urlTemplate":"https:\/\/herapremiumyapi.com\/?s={search_term_string}"},"query-input":{"@type":"PropertyValueSpecification","valueRequired":true,"valueName":"search_term_string"}}],"inLanguage":"en-US"},{"@type":"Organization","@id":"https:\/\/herapremiumyapi.com\/#organization","name":"Duka Savunma","url":"https:\/\/herapremiumyapi.com\/","logo":{"@type":"ImageObject","inLanguage":"en-US","@id":"https:\/\/herapremiumyapi.com\/#\/schema\/logo\/image\/","url":"https:\/\/herapremiumyapi.com\/wp-content\/uploads\/2024\/04\/cropped-Isimsiz-3.png","contentUrl":"https:\/\/herapremiumyapi.com\/wp-content\/uploads\/2024\/04\/cropped-Isimsiz-3.png","width":512,"height":512,"caption":"Duka Savunma"},"image":{"@id":"https:\/\/herapremiumyapi.com\/#\/schema\/logo\/image\/"}}]}},"_links":{"self":[{"href":"https:\/\/herapremiumyapi.com\/index.php?rest_route=\/wp\/v2\/pages\/1869","targetHints":{"allow":["GET"]}}],"collection":[{"href":"https:\/\/herapremiumyapi.com\/index.php?rest_route=\/wp\/v2\/pages"}],"about":[{"href":"https:\/\/herapremiumyapi.com\/index.php?rest_route=\/wp\/v2\/types\/page"}],"author":[{"embeddable":true,"href":"https:\/\/herapremiumyapi.com\/index.php?rest_route=\/wp\/v2\/users\/1"}],"replies":[{"embeddable":true,"href":"https:\/\/herapremiumyapi.com\/index.php?rest_route=%2Fwp%2Fv2%2Fcomments&post=1869"}],"version-history":[{"count":55,"href":"https:\/\/herapremiumyapi.com\/index.php?rest_route=\/wp\/v2\/pages\/1869\/revisions"}],"predecessor-version":[{"id":10654,"href":"https:\/\/herapremiumyapi.com\/index.php?rest_route=\/wp\/v2\/pages\/1869\/revisions\/10654"}],"wp:attachment":[{"href":"https:\/\/herapremiumyapi.com\/index.php?rest_route=%2Fwp%2Fv2%2Fmedia&parent=1869"}],"curies":[{"name":"wp","href":"https:\/\/api.w.org\/{rel}","templated":true}]}}